{"id":546,"date":"2025-08-25T22:01:19","date_gmt":"2025-08-25T20:01:19","guid":{"rendered":"http:\/\/www.emmanuellepachecosophrologue.fr\/?page_id=546"},"modified":"2026-03-24T10:59:59","modified_gmt":"2026-03-24T09:59:59","slug":"temoignage-personnel","status":"publish","type":"page","link":"https:\/\/www.emmanuellepachecosophrologue.fr\/index.php\/temoignage-personnel\/","title":{"rendered":"Mon approche"},"content":{"rendered":"\n<figure class=\"wp-block-image size-large is-resized\"><img loading=\"lazy\" decoding=\"async\" width=\"683\" height=\"1024\" src=\"https:\/\/www.emmanuellepachecosophrologue.fr\/wp-content\/uploads\/2026\/03\/Sentier-paisible-sous-la-lumiere-doree-683x1024.png\" alt=\"\" class=\"wp-image-629\" style=\"aspect-ratio:0.6669969759614564;width:221px;height:auto\" srcset=\"https:\/\/www.emmanuellepachecosophrologue.fr\/wp-content\/uploads\/2026\/03\/Sentier-paisible-sous-la-lumiere-doree-683x1024.png 683w, https:\/\/www.emmanuellepachecosophrologue.fr\/wp-content\/uploads\/2026\/03\/Sentier-paisible-sous-la-lumiere-doree-200x300.png 200w, https:\/\/www.emmanuellepachecosophrologue.fr\/wp-content\/uploads\/2026\/03\/Sentier-paisible-sous-la-lumiere-doree-768x1152.png 768w, https:\/\/www.emmanuellepachecosophrologue.fr\/wp-content\/uploads\/2026\/03\/Sentier-paisible-sous-la-lumiere-doree.png 1024w\" sizes=\"auto, (max-width: 683px) 100vw, 683px\" \/><\/figure>\n\n\n\n<p>Je ne crois plus aux solutions toutes faites.<\/p>\n\n\n\n<p>Je crois aux ajustements, aux prises de conscience, aux petits comme aux grands changements qui, mis bout \u00e0 bout, transforment doucement le quotidien.<\/p>\n\n\n\n<p>Ce que je partage ici ne suit pas une m\u00e9thode pr\u00e9cise.<br>Ce sont simplement des choses que j\u2019ai test\u00e9es, ressenties, int\u00e9gr\u00e9es.<\/p>\n\n\n\n<p>Des fa\u00e7ons de ralentir, de respirer, de prendre du recul\u2026<br>et de revenir \u00e0 soi, quand tout devient trop rapide.<\/p>\n\n\n\n<p>\u00c0 chacun de prendre ce qui r\u00e9sonne, et de laisser le reste.<\/p>\n\n\n\n<figure class=\"wp-block-image size-full is-resized\"><img loading=\"lazy\" decoding=\"async\" width=\"547\" height=\"532\" src=\"https:\/\/www.emmanuellepachecosophrologue.fr\/wp-content\/uploads\/2026\/03\/image-3.png\" alt=\"\" class=\"wp-image-635\" style=\"width:292px;height:auto\" srcset=\"https:\/\/www.emmanuellepachecosophrologue.fr\/wp-content\/uploads\/2026\/03\/image-3.png 547w, https:\/\/www.emmanuellepachecosophrologue.fr\/wp-content\/uploads\/2026\/03\/image-3-300x292.png 300w\" sizes=\"auto, (max-width: 547px) 100vw, 547px\" \/><\/figure>\n","protected":false},"excerpt":{"rendered":"<p>Je ne crois plus aux solutions toutes faites. Je crois aux ajustements, aux prises de conscience, aux petits comme aux grands changements qui, mis bout \u00e0 bout, transforment doucement le quotidien. Ce que je partage ici ne suit pas une m\u00e9thode pr\u00e9cise.Ce sont simplement des choses que j\u2019ai test\u00e9es, ressenties, int\u00e9gr\u00e9es. Des fa\u00e7ons de ralentir,&hellip; <a class=\"more-link\" href=\"https:\/\/www.emmanuellepachecosophrologue.fr\/index.php\/temoignage-personnel\/\">Poursuivre la lecture <span class=\"screen-reader-text\">Mon approche<\/span><\/a><\/p>\n","protected":false},"author":3,"featured_media":0,"parent":0,"menu_order":0,"comment_status":"closed","ping_status":"closed","template":"","meta":{"footnotes":""},"class_list":["post-546","page","type-page","status-publish","hentry","entry"],"_links":{"self":[{"href":"https:\/\/www.emmanuellepachecosophrologue.fr\/index.php\/wp-json\/wp\/v2\/pages\/546","targetHints":{"allow":["GET"]}}],"collection":[{"href":"https:\/\/www.emmanuellepachecosophrologue.fr\/index.php\/wp-json\/wp\/v2\/pages"}],"about":[{"href":"https:\/\/www.emmanuellepachecosophrologue.fr\/index.php\/wp-json\/wp\/v2\/types\/page"}],"author":[{"embeddable":true,"href":"https:\/\/www.emmanuellepachecosophrologue.fr\/index.php\/wp-json\/wp\/v2\/users\/3"}],"replies":[{"embeddable":true,"href":"https:\/\/www.emmanuellepachecosophrologue.fr\/index.php\/wp-json\/wp\/v2\/comments?post=546"}],"version-history":[{"count":6,"href":"https:\/\/www.emmanuellepachecosophrologue.fr\/index.php\/wp-json\/wp\/v2\/pages\/546\/revisions"}],"predecessor-version":[{"id":636,"href":"https:\/\/www.emmanuellepachecosophrologue.fr\/index.php\/wp-json\/wp\/v2\/pages\/546\/revisions\/636"}],"wp:attachment":[{"href":"https:\/\/www.emmanuellepachecosophrologue.fr\/index.php\/wp-json\/wp\/v2\/media?parent=546"}],"curies":[{"name":"wp","href":"https:\/\/api.w.org\/{rel}","templated":true}]}}